{"id":4979,"date":"2023-07-27T10:33:59","date_gmt":"2023-07-27T08:33:59","guid":{"rendered":"https:\/\/ssi-plastic.com\/?page_id=4979"},"modified":"2023-10-05T15:03:53","modified_gmt":"2023-10-05T13:03:53","slug":"easycip","status":"publish","type":"page","link":"https:\/\/ssi-plastic.com\/en\/abfalltechnik-digitale-loesungen\/smart-services-digitales-entsorgungsmanagement\/easycip\/","title":{"rendered":"Easycip"},"content":{"rendered":"<div data-elementor-type=\"wp-page\" data-elementor-id=\"4979\" class=\"elementor elementor-4979\" data-elementor-post-type=\"page\">\n\t\t\t\t<div class=\"elementor-element elementor-element-c761409 e-con-full e-flex e-con e-parent\" data-id=\"c761409\" data-element_type=\"container\" data-e-type=\"container\">\n\t\t\t\t<div class=\"elementor-element elementor-element-4d74687 elementor-widget elementor-widget-mm---hero\" data-id=\"4d74687\" data-element_type=\"widget\" data-e-type=\"widget\" data-widget_type=\"mm---hero.default\">\n\t\t\t\t<div class=\"elementor-widget-container\">\n\t\t\t\t\t \n<style>\n    \n    .sticky-contact-icon {\n        display: none;\n    }\n    \n    .sticky-contact-icon.show {\n        display: block;\n    }\n    \n    @media (max-width:768px) {\n        .sticky-contact-icon.show {\n        display: none;\n    }\n    }\n    \n<\/style>\n\n\n\n\n<section class=\"mm-section hero\">\n    <div class=\"hero-image-wrapper\">\n        <a href=\"#kontaktformular\" class=\"sticky-contact-icon\" style=\"position: fixed;right: 0;top: 30vh; background:var(--e-global-color-secondary) !important;padding: 12px 2px;box-shadow: 0px 0px 8px #888;z-index:10;\">\n            <p style=\"margin-bottom: 0;\"><strong>Contact us<\/strong><br><strong>now<\/strong><\/p>\n        <\/a>\n        \n\n\n\n        <img decoding=\"async\" src=\"https:\/\/ssi-plastic.com\/wp-content\/uploads\/2023\/07\/easyscip_software-header-ssi.jpg\" alt=\"\" class=\"main-hero-image\">\n\n\n    <\/div>\n\n\t\n\n\t\t<div class=\"e-con e-con-boxed e-flex mm-breadcrumb\">\n        <div class=\"e-con-inner\">\n\n            <nav aria-label=\"breadcrumbs\" class=\"rank-math-breadcrumb\"><p><span class=\"last\">HOME<\/span><\/p><\/nav>\n\n        <\/div>\n    <\/div>\n\n\t\n    <div class=\"e-con e-con-boxed e-flex\">\n        <div class=\"e-con-inner\">\n\n\t\t\t            <h1 class=\"hero-content-headline\">The distribution platform for your containers<\/h1>\n            \n                        <h2>Handling container services digitally<\/h2>\n            \n                        <p>Easyscip is your online store for container orders and makes life easy for you and your customers. Because everything runs automatically via this optional DISPONDO function.<\/p>            \n            <\/section>\n\n\t\t\t\t<\/div>\n\t\t\t\t<\/div>\n\t\t\t\t<\/div>\n\t\t<div class=\"elementor-element elementor-element-5a99771 e-con-full e-flex e-con e-parent\" data-id=\"5a99771\" data-element_type=\"container\" data-e-type=\"container\">\n\t\t<div class=\"elementor-element elementor-element-997677a e-con-full e-flex e-con e-parent\" data-id=\"997677a\" data-element_type=\"container\" data-e-type=\"container\">\n\t\t<div class=\"elementor-element elementor-element-34a81be e-con-full e-flex e-con e-parent\" data-id=\"34a81be\" data-element_type=\"container\" data-e-type=\"container\">\n\t\t\t\t<\/div>\n\t\t\t\t<\/div>\n\t\t\t\t<\/div>\n\t\t<div class=\"elementor-element elementor-element-a24f805 e-flex e-con-boxed e-con e-parent\" data-id=\"a24f805\" data-element_type=\"container\" data-e-type=\"container\">\n\t\t\t\t\t<div class=\"e-con-inner\">\n\t\t\t\t<div class=\"elementor-element elementor-element-6bf24a8 elementor-widget elementor-widget-arrow_repeater\" data-id=\"6bf24a8\" data-element_type=\"widget\" data-e-type=\"widget\" data-widget_type=\"arrow_repeater.default\">\n\t\t\t\t<div class=\"elementor-widget-container\">\n\t\t\t\t\t<section class=\"mm-section mm-list-widget has-margin\"><div class=\"arrow-blog\">\t\t\t\t<div class=\"blog\"><img decoding=\"async\" src=\"\/wp-content\/themes\/ssi\/assets\/img\/2arrows.svg\" alt=\"\" class=\"questions-arrows\">\n\n\t\t\t\t\t\t<div class=\"blog-text-hover\">\n\t\t\t\t\t\t\t<h3>Your advantages<\/h3>\n\t\t\t\t\t\t\t<div class=\"block_content_arrow\">\n\t\t\t\t\t\t\t\t<p><p><strong>Additional sales channel<\/strong><br \/>Have you been taking orders for containers primarily over the phone up to now? Easyscip offers you an additional sales channel through which you can tap into new customer potential and make it easy for interested parties to select the right container. Generate orders around the clock - seven days a week.<\/p><p><strong>Clarity for customers and drivers<\/strong><br \/>The system helps your customers to select the right container. This is because it immediately shows which container is suitable for which fraction. In addition, anyone who orders online can use a map view to define where the container should be placed. This information is sent via app to your drivers, who can act in accordance with the customer's wishes.<\/p><p><strong>Complete order management covered<\/strong><br \/>Orders that you receive via Easyscip can be processed completely via the system, including route planning, assigning your drivers via app and customer communication. This makes everyday life easy for your employees and ensures smooth processes.<\/p><\/p>\n\t\t\t\t\t\t\t<\/div>\n\t\t\t\t\t\t<\/div>\n\t\t\t\t\t<\/div>\n\t\t\t\t\t<\/div><\/section>\t\t\t\t<\/div>\n\t\t\t\t<\/div>\n\t\t\t\t\t<\/div>\n\t\t\t\t<\/div>\n\t\t\t\t<\/div>","protected":false},"excerpt":{"rendered":"<p>Die Vertriebsplattform f\u00fcr Ihre Container Containerdienste digital abwickeln Easyscip ist Ihr Online-Shop f\u00fcr Containerbestellungen und macht Ihnen und Ihren Kunden das Leben leicht. Denn \u00fcber diese optional nutzbare DISPONDO-Funktion l\u00e4uft alles automatisiert. Ihre Vorteile Zus\u00e4tzlicher VertriebskanalSie nehmen Auftr\u00e4ge f\u00fcr Container bisher prim\u00e4r \u00fcbers Telefon an? Easyscip bietet Ihnen einen zus\u00e4tzlichen Vertriebskanal, \u00fcber den Sie neue [&hellip;]<\/p>\n","protected":false},"author":1,"featured_media":0,"parent":4972,"menu_order":6,"comment_status":"closed","ping_status":"closed","template":"","meta":{"_acf_changed":false,"_mo_disable_npp":"","footnotes":""},"class_list":["post-4979","page","type-page","status-publish","hentry"],"acf":[],"_links":{"self":[{"href":"https:\/\/ssi-plastic.com\/en\/wp-json\/wp\/v2\/pages\/4979","targetHints":{"allow":["GET"]}}],"collection":[{"href":"https:\/\/ssi-plastic.com\/en\/wp-json\/wp\/v2\/pages"}],"about":[{"href":"https:\/\/ssi-plastic.com\/en\/wp-json\/wp\/v2\/types\/page"}],"author":[{"embeddable":true,"href":"https:\/\/ssi-plastic.com\/en\/wp-json\/wp\/v2\/users\/1"}],"replies":[{"embeddable":true,"href":"https:\/\/ssi-plastic.com\/en\/wp-json\/wp\/v2\/comments?post=4979"}],"version-history":[{"count":10,"href":"https:\/\/ssi-plastic.com\/en\/wp-json\/wp\/v2\/pages\/4979\/revisions"}],"predecessor-version":[{"id":12962,"href":"https:\/\/ssi-plastic.com\/en\/wp-json\/wp\/v2\/pages\/4979\/revisions\/12962"}],"up":[{"embeddable":true,"href":"https:\/\/ssi-plastic.com\/en\/wp-json\/wp\/v2\/pages\/4972"}],"wp:attachment":[{"href":"https:\/\/ssi-plastic.com\/en\/wp-json\/wp\/v2\/media?parent=4979"}],"curies":[{"name":"wp","href":"https:\/\/api.w.org\/{rel}","templated":true}]}}